{"id":3497,"date":"2020-12-30T23:55:13","date_gmt":"2020-12-30T23:55:13","guid":{"rendered":"https:\/\/www.forniperpizzaitaliani.com\/forni-artigianali-professionali\/termometro-sonda-flessibile\/"},"modified":"2025-02-03T14:04:27","modified_gmt":"2025-02-03T14:04:27","slug":"thermometre-a-sonde-flexible","status":"publish","type":"product","link":"https:\/\/www.forniperpizzaitaliani.com\/fr\/fours-artisanaux-professionnels\/thermometre-a-sonde-flexible\/","title":{"rendered":"Thermom\u00e8tre sonde flexible"},"content":{"rendered":"<p>THERMOM\u00c8TRE M\u00c9CANIQUE 0\/500\u00b0 C avec sonde semi-flexible de 120 cm en acier inoxydable<\/p>\n","protected":false},"excerpt":{"rendered":"<p>THERMOM\u00c8TRE M\u00c9CANIQUE 0\/500\u00b0 C avec sonde semi-flexible de 120 cm en acier inoxydable<\/p>\n","protected":false},"featured_media":3262,"template":"","meta":[],"product_brand":[],"product_cat":[213],"product_tag":[229,291],"class_list":{"0":"post-3497","1":"product","2":"type-product","3":"status-publish","4":"has-post-thumbnail","6":"product_cat-accessoires","7":"product_tag-accessoires-pour-fours","8":"product_tag-thermometresondeflexible","10":"first","11":"instock","12":"taxable","13":"shipping-taxable","14":"purchasable","15":"product-type-simple"},"_links":{"self":[{"href":"https:\/\/www.forniperpizzaitaliani.com\/fr\/wp-json\/wp\/v2\/product\/3497","targetHints":{"allow":["GET"]}}],"collection":[{"href":"https:\/\/www.forniperpizzaitaliani.com\/fr\/wp-json\/wp\/v2\/product"}],"about":[{"href":"https:\/\/www.forniperpizzaitaliani.com\/fr\/wp-json\/wp\/v2\/types\/product"}],"wp:featuredmedia":[{"embeddable":true,"href":"https:\/\/www.forniperpizzaitaliani.com\/fr\/wp-json\/wp\/v2\/media\/3262"}],"wp:attachment":[{"href":"https:\/\/www.forniperpizzaitaliani.com\/fr\/wp-json\/wp\/v2\/media?parent=3497"}],"wp:term":[{"taxonomy":"product_brand","embeddable":true,"href":"https:\/\/www.forniperpizzaitaliani.com\/fr\/wp-json\/wp\/v2\/product_brand?post=3497"},{"taxonomy":"product_cat","embeddable":true,"href":"https:\/\/www.forniperpizzaitaliani.com\/fr\/wp-json\/wp\/v2\/product_cat?post=3497"},{"taxonomy":"product_tag","embeddable":true,"href":"https:\/\/www.forniperpizzaitaliani.com\/fr\/wp-json\/wp\/v2\/product_tag?post=3497"}],"curies":[{"name":"wp","href":"https:\/\/api.w.org\/{rel}","templated":true}]}}