{"id":4606,"date":"2020-12-04T08:46:26","date_gmt":"2020-12-04T08:46:26","guid":{"rendered":"https:\/\/www.forniperpizzaitaliani.com\/termini-e-condizioni\/"},"modified":"2021-05-31T12:19:38","modified_gmt":"2021-05-31T12:19:38","slug":"geschaeftsbedingungen","status":"publish","type":"page","link":"https:\/\/www.forniperpizzaitaliani.com\/de\/geschaeftsbedingungen\/","title":{"rendered":"GESCH\u00c4FTSBEDINGUNGEN"},"content":{"rendered":"<div class=\"wpb-content-wrapper\"><p>[vc_row][vc_column][vc_column_text text_larger=&#8220;no&#8220;]<\/p>\n<p class=\"p1\"><b>VERTRAGLICHE VERKAUFSBEDINGUNGEN<span class=\"Apple-converted-space\">\u00a0<\/span><\/b><\/p>\n<p class=\"p1\">Vorausschickung<span class=\"Apple-converted-space\">\u00a0<\/span><\/p>\n<p class=\"p1\">Durch die Ver\u00f6ffentlichung auf der Website unserer gesamten Produktpalette bieten wir dem Kunden die M\u00f6glichkeit, ein Kaufangebot zu machen, das erst dann vertraglich wird, wenn derselbe die Bedingungen in der nachstehenden Regelung vollst\u00e4ndig zur Kenntnis genommen und akzeptiert hat:<span class=\"Apple-converted-space\">\u00a0<\/span><\/p>\n<p class=\"p2\">1. Der Vertrag gilt mit der Annahme des Angebots durch Forni per Pizza Italiani als abgeschlossen.<span class=\"Apple-converted-space\">\u00a0<\/span><\/p>\n<p class=\"p2\">2. Forni per Pizza Italiani hat das Recht, das Angebot nicht anzunehmen, ohne dem Kunden,<span class=\"Apple-converted-space\">\u00a0<\/span><\/p>\n<p class=\"p2\">3. der es formuliert hat, etwas zu schulden.<span class=\"Apple-converted-space\">\u00a0<\/span><\/p>\n<p class=\"p1\">4. Forni per Pizza Italiani beh\u00e4lt sich das Recht vor, jederzeit und ohne vorherige Ank\u00fcndigung \u00c4nderungen an den abgebildeten Produkten vorzunehmen, um diese zu verbessern; daher kann es sein, dass Fotos und Datenbl\u00e4tter die Eigenschaften des abgebildeten Produkts nicht perfekt wiedergeben.<span class=\"Apple-converted-space\">\u00a0<\/span><\/p>\n<p class=\"p1\"><b>Unternehmensdaten<span class=\"Apple-converted-space\">\u00a0<\/span><\/b><\/p>\n<p class=\"p1\">Die auf www.forniperpizzaitaliani.com gekauften Produkte werden direkt von der<span class=\"Apple-converted-space\">\u00a0<\/span><\/p>\n<p class=\"p1\">Gesellschaft \u201eForni Pavesi Rimini di Pavesi Eros\u201c verkauft, die ordnungsgem\u00e4\u00df im Handelsregister von Rimini mit der USt.-Nr. 04235310408 eingetragen ist.<span class=\"Apple-converted-space\">\u00a0<\/span><\/p>\n<p class=\"p1\">Die Firma Forni Pavesi Rimini di Pavesi Eros hat ihren Sitz und ihre Gesch\u00e4ftsstelle in Via Francesco Sapori n. 30, in Rimini, USt-Nr.\/Steuernummer: 04235310408.<span class=\"Apple-converted-space\">\u00a0<\/span><\/p>\n<p class=\"p1\"><b>Annahme der allgemeinen Vertragsbedingungen<span class=\"Apple-converted-space\">\u00a0<\/span><\/b><\/p>\n<p class=\"p1\">Der Vertrag zwischen Forni per Pizza Italiani und dem Kunden kommt<span class=\"Apple-converted-space\">\u00a0<\/span><\/p>\n<p class=\"p1\">mit der Annahme der Bestellung durch Forni per Pizza Italiani zustande.<span class=\"Apple-converted-space\">\u00a0<\/span><\/p>\n<p class=\"p1\">Eine solche Annahme gilt als stillschweigend; ist dies nicht der Fall, so ist Forni per Pizza Italiani verpflichtet, dies dem Kunden nach Pr\u00fcfung der Bestellung mitzuteilen.<span class=\"Apple-converted-space\">\u00a0<\/span><\/p>\n<p class=\"p1\">Mit der Bestellung erkl\u00e4rt der Kunde, dass er die allgemeinen Verkaufs- und Zahlungsbedingungen gelesen und vollst\u00e4ndig akzeptiert hat.<span class=\"Apple-converted-space\">\u00a0<\/span><\/p>\n<p class=\"p1\">Der Kunde ist verpflichtet, diese allgemeinen Verkaufsbedingungen (in \u00dcbereinstimmung mit den Bestimmungen der Art. 50 ff. des gesetzesvertretenden Dekrets 206\/05) in Papierform oder durch Speicherung in elektronischer Form aufzubewahren.<span class=\"Apple-converted-space\">\u00a0<\/span><\/p>\n<p class=\"p1\"><b>Einkaufsverfahren<span class=\"Apple-converted-space\">\u00a0<\/span><\/b><\/p>\n<p class=\"p1\">Alle im elektronischen Katalog der Website <span class=\"s1\">www.forniperpizzaitaliani.com<span class=\"Apple-converted-space\">\u00a0<\/span><\/span><\/p>\n<p class=\"p1\">vorhandenen Produkte k\u00f6nnen vom Kunden gekauft werden, der auch personalisierte Kostenvoranschl\u00e4ge erhalten kann, einschlie\u00dflich der Verkaufspreise, der Transportpreise, der Zahlungsarten, der Lieferadresse der bestellten Artikel und der entsprechenden Mehrwertsteuer.<span class=\"Apple-converted-space\">\u00a0<\/span><\/p>\n<p class=\"p1\">Der Zahlungseingang wird von Forni per Pizza Italiani per E-Mail an die vom Kunden angegebene E-Mail-Adresse best\u00e4tigt.<span class=\"Apple-converted-space\">\u00a0<\/span><\/p>\n<p class=\"p1\">Diese Best\u00e4tigungsnachricht enth\u00e4lt alle Details der Bestellung wie: die Bestellnummer, das Bestelldatum, die Rechnungsdaten und den Empf\u00e4nger der Ware, Details und Preise inklusive Mehrwertsteuer der bestellten Ware.<span class=\"Apple-converted-space\">\u00a0<\/span><\/p>\n<p class=\"p1\">Forni per Pizza Italiani wird mit der Aktivierung der Phasen in Bezug auf die Produktion\/den Versand der Ware erst dann fortfahren, wenn die Zahlung vom Kunden eingegangen ist.<span class=\"Apple-converted-space\">\u00a0<\/span><\/p>\n<p class=\"p1\">\u00c4nderungen an bereits best\u00e4tigten Auftr\u00e4gen k\u00f6nnen nicht garantiert werden, diese werden eventuell von Forni per Pizza Italiani auf der Grundlage des Produktionsfortschritts genehmigt.<span class=\"Apple-converted-space\">\u00a0<\/span><\/p>\n<p class=\"p1\"><b>Lieferzeiten<span class=\"Apple-converted-space\">\u00a0<\/span><\/b><\/p>\n<p class=\"p1\">Die Lieferzeiten k\u00f6nnen nicht als verbindlich f\u00fcr den Abschluss des mit Forni per Pizza Italiani vereinbarten Vertrages angesehen werden.<span class=\"Apple-converted-space\">\u00a0<\/span><\/p>\n<p class=\"p1\">Etwaige Vorverlegungen oder Verz\u00f6gerungen der im Produktdatenblatt angegebenen Lieferzeiten, die nicht zum Zeitpunkt der Bestellung, sondern erst w\u00e4hrend der Vorbereitungs- oder Produktionsphase derselben erkennbar sind, werden mitgeteilt, sobald Forni per Pizza Italiani davon Kenntnis hat.<span class=\"Apple-converted-space\">\u00a0<\/span><\/p>\n<p class=\"p1\">Diese k\u00f6nnen vom Kunden nicht als Vorwand f\u00fcr Schadensersatz- oder Entsch\u00e4digungsanspr\u00fcche herangezogen werden.<span class=\"Apple-converted-space\">\u00a0<\/span><\/p>\n<p class=\"p1\"><b>Garantien<span class=\"Apple-converted-space\">\u00a0<\/span><\/b><\/p>\n<p class=\"p1\">Unsere Produkte unterliegen den Bestimmungen des gesetzesvertretenden Dekrets 206\/05.<span class=\"Apple-converted-space\">\u00a0<\/span><\/p>\n<p class=\"p1\">Bei Kauf durch einen Endverbraucher (privat) gilt die Garantie f\u00fcr 24 Monate.<span class=\"Apple-converted-space\">\u00a0<\/span><\/p>\n<p class=\"p1\">In allen anderen F\u00e4llen betr\u00e4gt die Garantie 12 Monate.<span class=\"Apple-converted-space\">\u00a0<\/span><\/p>\n<p class=\"p1\">Gem\u00e4\u00df gesetzesvertretendem Dekret 206\/05 gilt die Garantie f\u00fcr Produkte, die einen Konformit\u00e4tsmangel aufweisen, vorausgesetzt, dass das Produkt selbst ordnungsgem\u00e4\u00df f\u00fcr den vorgesehenen Gebrauch verwendet wurde. Im Falle von Konformit\u00e4tsm\u00e4ngeln sendet Forni per Pizza Italiani die notwendigen Ersatzteile, um die Konformit\u00e4t des Produkts wiederherzustellen, ohne Kosten f\u00fcr den Kunden.<span class=\"Apple-converted-space\">\u00a0<\/span><\/p>\n<p class=\"p1\">Eventuelle M\u00e4ngel, die bereits bei der Lieferung des Materials vorhanden sind, m\u00fcssen Forni per Pizza Italiani innerhalb von 5 Tagen nach Erhalt desselben per E-Mail an shop@fornipavesirimini.it mitgeteilt werden, wobei der Code des Artikels anzugeben ist.<span class=\"Apple-converted-space\">\u00a0<\/span><\/p>\n<p class=\"p1\">F\u00fcr den Fall, dass Forni per Pizza Italiani nicht in der Lage ist, ein Produkt im Rahmen der Garantie wiederherzustellen oder zu ersetzen, kann der Hersteller es durch ein Produkt mit \u00e4hnlichen oder besseren Eigenschaften als das mit der gepr\u00fcften Anomalie ersetzen, oder alternativ den gezahlten Betrag unter Ber\u00fccksichtigung der Abnutzung der Ware zur\u00fcckerstatten.<span class=\"Apple-converted-space\">\u00a0<\/span><\/p>\n<p class=\"p1\">Im Falle eines Austauschs im Rahmen der Garantie wird Forni per Pizza Italiani das defekte Material zur tats\u00e4chlichen \u00dcberpr\u00fcfung der vom Kunden behaupteten M\u00e4ngel abholen.<span class=\"Apple-converted-space\">\u00a0<\/span><\/p>\n<p class=\"p1\">Das unter die Garantie fallende Produkt muss vom Kunden in der Originalverpackung ordnungsgem\u00e4\u00df verschlossen und in allen Teilen vollst\u00e4ndig zur\u00fcckgegeben werden.<span class=\"Apple-converted-space\">\u00a0<\/span><\/p>\n<p class=\"p1\">Forni per Pizza Italiani kann sich um den Transport und die R\u00fccksendung der im Rahmen der Garantie ausgetauschten\/reparierten Ware k\u00fcmmern. In jedem Fall werden die Transportkosten dem Kunden in Rechnung gestellt.<span class=\"Apple-converted-space\">\u00a0<\/span><\/p>\n<p class=\"p1\">Damit die Garantie g\u00fcltig ist, muss der Kunde die Originalverpackung und alle Unterlagen der gekauften Produkte bis zum Ende der Garantiezeit (12\/24 Monate) aufbewahren.<span class=\"Apple-converted-space\">\u00a0<\/span><\/p>\n<p class=\"p1\">Forni per Pizza Italiani \u00fcbernimmt keine Garantie f\u00fcr Sch\u00e4den, die durch unsachgem\u00e4\u00dfen Gebrauch des Artikels entstehen.<span class=\"Apple-converted-space\">\u00a0<\/span><\/p>\n<p class=\"p1\">Wenn beim Abladen der Ware offensichtliche Sch\u00e4den an der Verpackung festgestellt werden, muss wie folgt vorgegangen werden:<span class=\"Apple-converted-space\">\u00a0<\/span><\/p>\n<p class=\"p1\">Unter Vorbehalt: Das Paket kann angenommen werden, aber bei der Unterschrift der Abnahme muss der Kunde den Wortlaut &#8222;Ich nehme unter Vorbehalt an&#8220; anbringen.<span class=\"Apple-converted-space\">\u00a0<\/span><\/p>\n<p class=\"p1\">Wenn die oben genannten Verfahren eingehalten werden, ist es m\u00f6glich, nach dem \u00d6ffnen des Pakets und der Feststellung des tats\u00e4chlichen Schadens eine Entsch\u00e4digung f\u00fcr den erlittenen Schaden zu erhalten.<span class=\"Apple-converted-space\">\u00a0<\/span><\/p>\n<p class=\"p1\">Offensichtlich besch\u00e4digte Ware kann zur\u00fcckgewiesen werden, wenn die Annahme des Pakets nicht unter Vorbehalt m\u00f6glich ist und zwar dann, wenn der Schaden auch ohne \u00d6ffnen des Pakets sichtbar ist.<span class=\"Apple-converted-space\">\u00a0<\/span><\/p>\n<p class=\"p1\">Der Kunde muss den Schaden innerhalb von 5 Tagen nach Lieferung melden.<span class=\"Apple-converted-space\">\u00a0<\/span><\/p>\n<p class=\"p1\">Andernfalls haftet Forni per Pizza Italiani nicht f\u00fcr eventuelle Sch\u00e4den.<span class=\"Apple-converted-space\">\u00a0<\/span><\/p>\n<p class=\"p1\">Nicht funktionierendes Produkt<span class=\"Apple-converted-space\">\u00a0<\/span><\/p>\n<p class=\"p1\">Zum Zeitpunkt des Kaufs gilt f\u00fcr jedes Produkt die 12-monatige Original-Garantie des Herstellers.<span class=\"Apple-converted-space\">\u00a0<\/span><\/p>\n<p class=\"p1\">Sollten eine Funktionsst\u00f6rung festgestellt werden, die nicht auf unsachgem\u00e4\u00dfen Gebrauch zur\u00fcckzuf\u00fchren ist, wenden Sie sich bitte an unseren Kundendienst unter 331.2857058.<span class=\"Apple-converted-space\">\u00a0<\/span><\/p>\n<p class=\"p1\"><b>Gerichtsstand<span class=\"Apple-converted-space\">\u00a0<\/span><\/b><\/p>\n<p class=\"p1\">Die Kaufvertr\u00e4ge werden durch die Gesetze der Italienischen Republik geregelt.<span class=\"Apple-converted-space\">\u00a0<\/span><\/p>\n<p class=\"p1\">F\u00fcr alle Streitf\u00e4lle im Zusammenhang mit dem bestehenden Vertrag ist ausschlie\u00dflich das Gericht von Rimini zust\u00e4ndig.<span class=\"Apple-converted-space\">\u00a0<\/span><\/p>\n<p class=\"p1\">Der Kunde ist verpflichtet, diese \u201eAllgemeinen Verkaufs- und Einkaufsbedingungen\u201c in Papier- oder elektronischer Form mit G\u00fcltigkeit zum Zeitpunkt des Abschlusses des Fernabsatzvertrages (Datum der Kundenbestellung) aufzubewahren.<span class=\"Apple-converted-space\">\u00a0<\/span><\/p>\n<p class=\"p1\"><b>KUNDENDIENST<span class=\"Apple-converted-space\">\u00a0<\/span><\/b><\/p>\n<p class=\"p1\">Paket bei Lieferung besch\u00e4digt<span class=\"Apple-converted-space\">\u00a0<\/span><\/p>\n<p class=\"p1\">Wenn das Paket w\u00e4hrend des Transports besch\u00e4digt wird und Beulen oder \u00e4u\u00dfere Anomalien aufweist, nehmen Sie das Paket einfach an, indem Sie beim Kurier unter Vorbehalt unterschreiben. Die bedingte Annahme erm\u00f6glicht uns, die Versicherung ohne zus\u00e4tzliche Kosten zu aktivieren, um Ihnen eine schnelle L\u00f6sung des Problems zu bieten.<span class=\"Apple-converted-space\">\u00a0<\/span><\/p>\n<p class=\"p1\">Zur Beachtung Wenn Sie auch nur kleine Unregelm\u00e4\u00dfigkeiten feststellen, unterschreiben Sie immer mit Vorbehalt: Wenn Sie nicht mit Vorbehalt unterschreiben, kann die Transportversicherung nicht aktiviert werden.<span class=\"Apple-converted-space\">\u00a0<\/span><\/p>\n<p class=\"p1\"><b>Zahlungsweise<span class=\"Apple-converted-space\">\u00a0<\/span><\/b><\/p>\n<p class=\"p1\">Die im Produktdatenblatt ausgewiesenen Preise der online bestellbaren oder veranschlagten Artikel und die damit verbundenen Transportkosten verstehen sich immer zuz\u00fcglich der gesetzlichen Mehrwertsteuer.<span class=\"Apple-converted-space\">\u00a0<\/span><\/p>\n<p class=\"p1\">Der Kunde kann zum Zeitpunkt des Kaufs zwischen folgenden Zahlungsarten w\u00e4hlen:<span class=\"Apple-converted-space\">\u00a0<\/span><\/p>\n<ul class=\"ul1\">\n<li class=\"li4\">Kreditkarte<span class=\"Apple-converted-space\">\u00a0<\/span><\/li>\n<li class=\"li4\">PayPal<span class=\"Apple-converted-space\">\u00a0<\/span><\/li>\n<li class=\"li4\">Zahlung per Nachnahme<span class=\"Apple-converted-space\">\u00a0<\/span><\/li>\n<li class=\"li5\">(40% bei Bestellung &#8211; 60% bei Lieferung)<span class=\"Apple-converted-space\">\u00a0<\/span><\/li>\n<li class=\"li6\">Bank\u00fcberweisung im Voraus<span class=\"Apple-converted-space\">\u00a0<\/span><\/li>\n<\/ul>\n<p class=\"p1\"><b>R\u00fccktrittsrecht<span class=\"Apple-converted-space\">\u00a0<\/span><\/b><\/p>\n<p class=\"p1\">Der Kunde kann sein R\u00fccktrittsrecht innerhalb von 14 Werktagen ab Erhalt der Ware aus\u00fcben, indem er Forni per Pizza Italiani mittels einer ausdr\u00fccklichen Erkl\u00e4rung (Name, geografische Adresse und, falls vorhanden, die Telefonnummer und die E-Mail-Adresse) \u00fcber seinen Entschluss zum R\u00fccktritt vom Vertrag informiert, in der er erkl\u00e4rt, dass er von seinem R\u00fccktrittsrecht Gebrauch machen m\u00f6chte, und in der er die Bestellnummer, die Rechnungsnummer, den Code und die Menge der Artikel angibt, ob es sich um einen Teilr\u00fccktritt (nur beim Kauf mehrerer Artikel) oder einen Gesamtr\u00fccktritt handelt, sowie die Bankverbindung f\u00fcr die \u00dcberweisung der R\u00fcckerstattung (Iban-Code des Rechnungsempf\u00e4ngers).<span class=\"Apple-converted-space\">\u00a0<\/span><\/p>\n<p class=\"p1\">Die Ware muss unversehrt in der Originalverpackung, ordnungsgem\u00e4\u00df verschlossen, vollst\u00e4ndig in allen Teilen (einschlie\u00dflich Verpackung, Innenschutz, Au\u00dfenschutz, Holzpaletten und eventueller Unterlagen und Zusatzausr\u00fcstung: Handb\u00fccher, Montageausr\u00fcstung usw.) an die von Foodequipment angegebene Adresse zur\u00fcckgeschickt werden.<span class=\"Apple-converted-space\">\u00a0<\/span><\/p>\n<p class=\"p1\">Die mit der R\u00fccksendung der Ware verbundenen Versandkosten tr\u00e4gt der Kunde.<span class=\"Apple-converted-space\">\u00a0<\/span><\/p>\n<p class=\"p1\">Erst nach \u00dcberpr\u00fcfung der Unversehrtheit der Ware wird Forni per Pizza Italiani den Wert der Ware(n) wieder gutschreiben (innerhalb von 14 Tagen nach der R\u00fccksendung), wobei nur der Betrag der Versandkosten, der zus\u00e4tzlichen Dienstleistungen und der eventuellen Nachnahmekosten einbehalten wird, die f\u00fcr die Lieferung der Ware an den Kunden angefallen sind und in der begleitenden Rechnung angegeben werden.<span class=\"Apple-converted-space\">\u00a0<\/span><\/p>\n<p class=\"p1\">Das Recht gilt f\u00fcr das gesamte gekaufte Produkt. Es ist nicht m\u00f6glich, den R\u00fccktritt nur f\u00fcr einen Teil des Produkts auszu\u00fcben.<span class=\"Apple-converted-space\">\u00a0<\/span><\/p>\n<p class=\"p1\">Der Versand f\u00fcr die R\u00fccksendung des Materials liegt bis zum Eingang in unserem Lager in der vollen Verantwortung des Kunden.<span class=\"Apple-converted-space\">\u00a0<\/span><\/p>\n<p class=\"p1\">Forni per Pizza Italiani muss dem Kunden im Falle einer Besch\u00e4digung der Ware w\u00e4hrend des Transports innerhalb von 5 Werktagen nach Erhalt der Ware benachrichtigen, um eine rechtzeitige Beschwerde gegen den Spediteur einzureichen und die Erstattung des Wertes des Eigentums zu erhalten (falls versichert), in diesem Fall wird das Produkt dem Kunden f\u00fcr seine R\u00fcckgabe zur Verf\u00fcgung gestellt und gleichzeitig wird der Antrag auf R\u00fccktritt und somit die Erstattung storniert.<span class=\"Apple-converted-space\">\u00a0<\/span><\/p>\n<p class=\"p1\">Forni per Pizza Italiani ist in keiner Weise verantwortlich f\u00fcr Sch\u00e4den oder Diebstahl\/Verlust von Produkten, die durch nicht versicherte Sendungen zur\u00fcckgeschickt werden.<span class=\"Apple-converted-space\">\u00a0<\/span><\/p>\n<p class=\"p1\">Das R\u00fccktrittsrecht geht vollst\u00e4ndig verloren bei Fehlen der wesentlichen Bedingung der Unversehrtheit des Eigentums, einschlie\u00dflich der Originalverpackung.<span class=\"Apple-converted-space\">\u00a0<\/span><\/p>\n<p class=\"p1\">Bei Verwirkung des R\u00fccktrittsrechts bleibt die Ware dem Kunden zur R\u00fccknahme auf seine Kosten \u00fcberlassen.<span class=\"Apple-converted-space\">\u00a0<\/span><\/p>\n<p class=\"p1\">Das R\u00fccktrittsrecht kann nicht ausge\u00fcbt werden bei der Lieferung von Produkten, die nach Ma\u00df gefertigt werden.<span class=\"Apple-converted-space\">\u00a0<\/span><\/p>\n<p class=\"p1\">Es ist das ausschlie\u00dfliche Recht von Forni per Pizza Italiani, Ausnahmen von den vorgenannten Regelungen zu gew\u00e4hren.<span class=\"Apple-converted-space\">\u00a0<\/span><\/p>\n<p class=\"p1\"><b>TRANSPORT<span class=\"Apple-converted-space\">\u00a0<\/span><\/b><\/p>\n<p class=\"p1\">VERSANDINFORMATIONEN<span class=\"Apple-converted-space\">\u00a0<\/span><\/p>\n<ul class=\"ul1\">\n<li class=\"li6\">Jederzeit versicherter Transport<span class=\"Apple-converted-space\">\u00a0<\/span><\/li>\n<\/ul>\n<p class=\"p1\">Zum Schutz vor eventuellen Sch\u00e4den ist der Transport immer versichert.<span class=\"Apple-converted-space\">\u00a0<\/span><\/p>\n<p class=\"p1\">Die Versandkosten werden automatisch zum niedrigsten Preis berechnet, sobald sie in den Warenkorb gelegt werden.<span class=\"Apple-converted-space\">\u00a0<\/span><\/p>\n<ul class=\"ul1\">\n<li class=\"li1\"><b>Internationale Transport<span class=\"Apple-converted-space\">\u00a0<\/span><\/b><\/li>\n<\/ul>\n<p class=\"p1\">Wir vertrauen unsere Produkte den besten internationalen Kurieren an, die schnelle und zuverl\u00e4ssige Transporte garantieren.<span class=\"Apple-converted-space\">\u00a0<\/span><\/p>\n<p class=\"p1\"><b>ZAHLUNGEN<span class=\"Apple-converted-space\">\u00a0<\/span><\/b><\/p>\n<p class=\"p1\"><b>Bank\u00fcberweisung im Voraus<span class=\"Apple-converted-space\">\u00a0<\/span><\/b><\/p>\n<p class=\"p1\">Um die Bearbeitungszeit der Bestellung zu beschleunigen ist es erforderlich, eine Kopie der Quittung an shop@fornipavesirimini.it unter Angabe der Bestellnummer und des Bestelldatums zu senden.<span class=\"Apple-converted-space\">\u00a0<\/span><\/p>\n<p class=\"p1\">F\u00fchren Sie die \u00dcberweisung unter Verwendung unserer Bankverbindung durch:<span class=\"Apple-converted-space\">\u00a0<\/span><\/p>\n<p class=\"p1\"><i>Forni Pavesi Rimini di Pavesi Eros<span class=\"Apple-converted-space\">\u00a0<\/span><\/i><\/p>\n<p class=\"p1\"><i>RIVIERA BANCA<span class=\"Apple-converted-space\">\u00a0<\/span><\/i><\/p>\n<p class=\"p1\"><i>BIC: ICRAITRRRN0<span class=\"Apple-converted-space\">\u00a0<\/span><\/i><\/p>\n<p class=\"p1\"><i>IBAN: IT 64 A 08995 24200 010000048207<span class=\"Apple-converted-space\">\u00a0<\/span><\/i><\/p>\n<p class=\"p1\"><i>\u00dcberweisungsgrund: Nummer und Datum des Auftrags\/Angebots<span class=\"Apple-converted-space\">\u00a0<\/span><\/i><\/p>\n<p class=\"p1\"><b>Kreditkarte<span class=\"Apple-converted-space\">\u00a0<\/span><\/b><\/p>\n<p class=\"p1\">Wenn die Zahlung per Kreditkarte gew\u00e4hlt wird, erfolgt nach der Best\u00e4tigung der Bestellung die Weiterleitung an die Zahlungsabwicklung, die die Transaktion genehmigt, die mit SSL-Verschl\u00fcsselung 100% sicher ist.<span class=\"Apple-converted-space\">\u00a0<\/span><\/p>\n<p class=\"p1\"><b>PayPal<span class=\"Apple-converted-space\">\u00a0<\/span><\/b><\/p>\n<p class=\"p1\">Wenn Sie die Zahlung \u00fcber Ihr PayPal-Konto durchf\u00fchren, werden Ihre finanziellen Informationen niemals an Dritte weitergegeben.<span class=\"Apple-converted-space\">\u00a0<\/span><\/p>\n<p class=\"p1\"><b>Zahlung per Nachnahme<span class=\"Apple-converted-space\">\u00a0<\/span><\/b><\/p>\n<p class=\"p1\">Vorauszahlung von 40 % mit Restzahlung bei Lieferung<span class=\"Apple-converted-space\">\u00a0<\/span><\/p>\n<p class=\"p1\">Sie k\u00f6nnen die Zahlung per Nachnahme w\u00e4hlen.<span class=\"Apple-converted-space\">\u00a0<\/span><\/p>\n<p class=\"p1\">In diesem Fall m\u00fcssen Sie bei der Bestellung 40% des Gesamtbetrags im Voraus bezahlen.<span class=\"Apple-converted-space\">\u00a0<\/span><\/p>\n<p class=\"p1\">Die restlichen 60% m\u00fcssen per Nachnahme direkt an den Kurier, in bar (max. \u20ac 1.000) oder per Scheck bezahlt werden.<span class=\"Apple-converted-space\">\u00a0<\/span><\/p>\n<p class=\"p1\">Bei Zahlung per Nachnahme wird ein Aufschlag von 3 % auf den Nachnahmebetrag erhoben. Die Berechnung wird automatisch von unseren Systemen durchgef\u00fchrt, wenn Sie Ihre Bestellung aufgeben<span class=\"Apple-converted-space\">\u00a0<\/span><\/p>\n<p>[\/vc_column_text][\/vc_column][\/vc_row]<\/p>\n<\/div>","protected":false},"excerpt":{"rendered":"<p>[vc_row][vc_column][vc_column_text text_larger=&#8220;no&#8220;] VERTRAGLICHE VERKAUFSBEDINGUNGEN\u00a0 Vorausschickung\u00a0 Durch die Ver\u00f6ffentlichung auf der Website unserer gesamten Produktpalette bieten wir dem Kunden die M\u00f6glichkeit, ein Kaufangebot zu machen, das erst dann vertraglich wird, wenn<\/p>\n","protected":false},"author":1,"featured_media":0,"parent":0,"menu_order":0,"comment_status":"closed","ping_status":"closed","template":"","meta":{"footnotes":""},"class_list":["post-4606","page","type-page","status-publish","hentry"],"_links":{"self":[{"href":"https:\/\/www.forniperpizzaitaliani.com\/de\/wp-json\/wp\/v2\/pages\/4606","targetHints":{"allow":["GET"]}}],"collection":[{"href":"https:\/\/www.forniperpizzaitaliani.com\/de\/wp-json\/wp\/v2\/pages"}],"about":[{"href":"https:\/\/www.forniperpizzaitaliani.com\/de\/wp-json\/wp\/v2\/types\/page"}],"author":[{"embeddable":true,"href":"https:\/\/www.forniperpizzaitaliani.com\/de\/wp-json\/wp\/v2\/users\/1"}],"replies":[{"embeddable":true,"href":"https:\/\/www.forniperpizzaitaliani.com\/de\/wp-json\/wp\/v2\/comments?post=4606"}],"version-history":[{"count":3,"href":"https:\/\/www.forniperpizzaitaliani.com\/de\/wp-json\/wp\/v2\/pages\/4606\/revisions"}],"predecessor-version":[{"id":5636,"href":"https:\/\/www.forniperpizzaitaliani.com\/de\/wp-json\/wp\/v2\/pages\/4606\/revisions\/5636"}],"wp:attachment":[{"href":"https:\/\/www.forniperpizzaitaliani.com\/de\/wp-json\/wp\/v2\/media?parent=4606"}],"curies":[{"name":"wp","href":"https:\/\/api.w.org\/{rel}","templated":true}]}}